{"id":724,"date":"2016-08-18T08:54:30","date_gmt":"2016-08-18T08:54:30","guid":{"rendered":"https:\/\/www.syntaxtts.com\/casos-de-clientes\/"},"modified":"2025-02-04T15:02:26","modified_gmt":"2025-02-04T15:02:26","slug":"casos-de-clientes","status":"publish","type":"page","link":"https:\/\/www.syntaxtts.com\/ca\/casos-de-clientes\/","title":{"rendered":"CASOS DE CLIENTS"},"content":{"rendered":"<div class=\"wpb-content-wrapper\">[vc_row][vc_column][vc_empty_space][\/vc_column][\/vc_row][mk_page_section][vc_column width=&#8221;1\/6&#8243;][\/vc_column][vc_column width=&#8221;2\/3&#8243; css=&#8221;.vc_custom_1471506853375{background-color: #0b9571 !important;}&#8221;][mk_fancy_title color=&#8221;#ffffff&#8221; size=&#8221;27&#8243; font_weight=&#8221;bold&#8221; letter_spacing=&#8221;2&#8243; margin_top=&#8221;40&#8243; font_family=&#8221;none&#8221; align=&#8221;center&#8221;]\n<p style=\"text-align: center;\">CASOS DE CLIENTS<\/p>\n[\/mk_fancy_title][\/vc_column][vc_column width=&#8221;1\/6&#8243;][\/vc_column][\/mk_page_section][mk_page_section padding_top=&#8221;70&#8243; padding_bottom=&#8221;0&#8243; sidebar=&#8221;sidebar-1&#8243;][vc_column][vc_basic_grid post_type=&#8221;portfolio&#8221; max_items=&#8221;10&#8243; style=&#8221;lazy&#8221; items_per_page=&#8221;9&#8243; grid_id=&#8221;vc_gid:1729502093319-d4376751-9b76-6&#8243; el_class=&#8221;casos-grid&#8221;][\/vc_column][\/mk_page_section][mk_page_section padding_top=&#8221;70&#8243; padding_bottom=&#8221;0&#8243; sidebar=&#8221;sidebar-1&#8243;][vc_column offset=&#8221;vc_hidden-lg vc_hidden-md vc_hidden-sm vc_hidden-xs&#8221;][mk_testimonials style=&#8221;boxed&#8221; count=&#8221;-1&#8243;][\/vc_column][\/mk_page_section][mk_page_section min_height=&#8221;70&#8243; padding_top=&#8221;0&#8243; sidebar=&#8221;sidebar-1&#8243;][vc_column][mk_button dimension=&#8221;outline&#8221; size=&#8221;large&#8221; url=&#8221;\/contacto\/&#8221; align=&#8221;center&#8221; outline_skin=&#8221;custom&#8221; outline_active_color=&#8221;#f59f42&#8243; outline_active_text_color=&#8221;#f59f42&#8243; outline_hover_bg_color=&#8221;#f59f42&#8243; outline_hover_color=&#8221;#ffffff&#8221;]VOLEU M\u00c9S INFORMACI\u00d3 SOBRE AQUESTA HIST\u00d2RIA D&#8217;\u00c8XIT?[\/mk_button][vc_empty_space height=&#8221;40px&#8221;][\/vc_column][\/mk_page_section]\n<\/div>","protected":false},"excerpt":{"rendered":"<p>[vc_row][vc_column][vc_empty_space][\/vc_column][\/vc_row][mk_page_section][vc_column width=&#8221;1\/6&#8243;][\/vc_column][vc_column width=&#8221;2\/3&#8243; css=&#8221;.vc_custom_1471506853375{background-color: #0b9571 !important;}&#8221;][mk_fancy_title color=&#8221;#ffffff&#8221; size=&#8221;27&#8243; font_weight=&#8221;bold&#8221; letter_spacing=&#8221;2&#8243; margin_top=&#8221;40&#8243; font_family=&#8221;none&#8221; align=&#8221;center&#8221;] CASOS DE CLIENTS [\/mk_fancy_title][\/vc_column][vc_column width=&#8221;1\/6&#8243;][\/vc_column][\/mk_page_section][mk_page_section padding_top=&#8221;70&#8243; padding_bottom=&#8221;0&#8243; sidebar=&#8221;sidebar-1&#8243;][vc_column][vc_basic_grid post_type=&#8221;portfolio&#8221; max_items=&#8221;10&#8243; style=&#8221;lazy&#8221; items_per_page=&#8221;9&#8243; grid_id=&#8221;vc_gid:1729502093319-d4376751-9b76-6&#8243; el_class=&#8221;casos-grid&#8221;][\/vc_column][\/mk_page_section][mk_page_section padding_top=&#8221;70&#8243; padding_bottom=&#8221;0&#8243; sidebar=&#8221;sidebar-1&#8243;][vc_column offset=&#8221;vc_hidden-lg vc_hidden-md vc_hidden-sm vc_hidden-xs&#8221;][mk_testimonials style=&#8221;boxed&#8221; count=&#8221;-1&#8243;][\/vc_column][\/mk_page_section][mk_page_section min_height=&#8221;70&#8243; padding_top=&#8221;0&#8243; sidebar=&#8221;sidebar-1&#8243;][vc_column][mk_button dimension=&#8221;outline&#8221; size=&#8221;large&#8221; url=&#8221;\/contacto\/&#8221; align=&#8221;center&#8221; outline_skin=&#8221;custom&#8221; outline_active_color=&#8221;#f59f42&#8243; outline_active_text_color=&#8221;#f59f42&#8243; outline_hover_bg_color=&#8221;#f59f42&#8243; outline_hover_color=&#8221;#ffffff&#8221;]VOLEU M\u00c9S INFORMACI\u00d3 SOBRE AQUESTA HIST\u00d2RIA D&#8217;\u00c8XIT?[\/mk_button][vc_empty_space height=&#8221;40px&#8221;][\/vc_column][\/mk_page_section]<\/p>\n","protected":false},"author":1,"featured_media":0,"parent":0,"menu_order":0,"comment_status":"closed","ping_status":"closed","template":"","meta":{"footnotes":""},"class_list":["post-724","page","type-page","status-publish","hentry"],"yoast_head":"<!-- This site is optimized with the Yoast SEO plugin v27.5 - https:\/\/yoast.com\/product\/yoast-seo-wordpress\/ -->\n<title>CASOS DE CLIENTS - Syntax<\/title>\n<meta name=\"description\" content=\"Toda la informaci\u00f3n sobre: CASOS DE CLIENTS\" \/>\n<meta name=\"robots\" content=\"index, follow, max-snippet:-1, max-image-preview:large, max-video-preview:-1\" \/>\n<link rel=\"canonical\" href=\"https:\/\/www.syntaxtts.com\/ca\/casos-de-clientes\/\" \/>\n<meta property=\"og:locale\" content=\"ca_ES\" \/>\n<meta property=\"og:type\" content=\"article\" \/>\n<meta property=\"og:title\" content=\"CASOS DE CLIENTS - Syntax\" \/>\n<meta property=\"og:description\" content=\"Toda la informaci\u00f3n sobre: CASOS DE CLIENTS\" \/>\n<meta property=\"og:url\" content=\"https:\/\/www.syntaxtts.com\/ca\/casos-de-clientes\/\" \/>\n<meta property=\"og:site_name\" content=\"Syntax\" \/>\n<meta property=\"article:publisher\" content=\"https:\/\/www.facebook.com\/Syntax-198629440182988\/\" \/>\n<meta property=\"article:modified_time\" content=\"2025-02-04T15:02:26+00:00\" \/>\n<meta name=\"twitter:card\" content=\"summary_large_image\" \/>\n<meta name=\"twitter:label1\" content=\"Temps estimat de lectura\" \/>\n\t<meta name=\"twitter:data1\" content=\"1 minut\" \/>\n<script type=\"application\/ld+json\" class=\"yoast-schema-graph\">{\"@context\":\"https:\\\/\\\/schema.org\",\"@graph\":[{\"@type\":\"WebPage\",\"@id\":\"https:\\\/\\\/www.syntaxtts.com\\\/ca\\\/casos-de-clientes\\\/\",\"url\":\"https:\\\/\\\/www.syntaxtts.com\\\/ca\\\/casos-de-clientes\\\/\",\"name\":\"CASOS DE CLIENTS - Syntax\",\"isPartOf\":{\"@id\":\"https:\\\/\\\/www.syntaxtts.com\\\/#website\"},\"datePublished\":\"2016-08-18T08:54:30+00:00\",\"dateModified\":\"2025-02-04T15:02:26+00:00\",\"description\":\"Toda la informaci\u00f3n sobre: CASOS DE CLIENTS\",\"breadcrumb\":{\"@id\":\"https:\\\/\\\/www.syntaxtts.com\\\/ca\\\/casos-de-clientes\\\/#breadcrumb\"},\"inLanguage\":\"ca\",\"potentialAction\":[{\"@type\":\"ReadAction\",\"target\":[\"https:\\\/\\\/www.syntaxtts.com\\\/ca\\\/casos-de-clientes\\\/\"]}]},{\"@type\":\"BreadcrumbList\",\"@id\":\"https:\\\/\\\/www.syntaxtts.com\\\/ca\\\/casos-de-clientes\\\/#breadcrumb\",\"itemListElement\":[{\"@type\":\"ListItem\",\"position\":1,\"name\":\"Portada\",\"item\":\"https:\\\/\\\/www.syntaxtts.com\\\/ca\\\/\"},{\"@type\":\"ListItem\",\"position\":2,\"name\":\"CASOS DE CLIENTS\"}]},{\"@type\":\"WebSite\",\"@id\":\"https:\\\/\\\/www.syntaxtts.com\\\/#website\",\"url\":\"https:\\\/\\\/www.syntaxtts.com\\\/\",\"name\":\"Syntax\",\"description\":\"Traducciones\",\"publisher\":{\"@id\":\"https:\\\/\\\/www.syntaxtts.com\\\/#organization\"},\"potentialAction\":[{\"@type\":\"SearchAction\",\"target\":{\"@type\":\"EntryPoint\",\"urlTemplate\":\"https:\\\/\\\/www.syntaxtts.com\\\/?s={search_term_string}\"},\"query-input\":{\"@type\":\"PropertyValueSpecification\",\"valueRequired\":true,\"valueName\":\"search_term_string\"}}],\"inLanguage\":\"ca\"},{\"@type\":\"Organization\",\"@id\":\"https:\\\/\\\/www.syntaxtts.com\\\/#organization\",\"name\":\"Syntax\",\"url\":\"https:\\\/\\\/www.syntaxtts.com\\\/\",\"logo\":{\"@type\":\"ImageObject\",\"inLanguage\":\"ca\",\"@id\":\"https:\\\/\\\/www.syntaxtts.com\\\/#\\\/schema\\\/logo\\\/image\\\/\",\"url\":\"https:\\\/\\\/www.syntaxtts.com\\\/wp-content\\\/uploads\\\/syntax-logo-espanol02.png\",\"contentUrl\":\"https:\\\/\\\/www.syntaxtts.com\\\/wp-content\\\/uploads\\\/syntax-logo-espanol02.png\",\"width\":200,\"height\":78,\"caption\":\"Syntax\"},\"image\":{\"@id\":\"https:\\\/\\\/www.syntaxtts.com\\\/#\\\/schema\\\/logo\\\/image\\\/\"},\"sameAs\":[\"https:\\\/\\\/www.facebook.com\\\/Syntax-198629440182988\\\/\"]}]}<\/script>\n<!-- \/ Yoast SEO plugin. -->","yoast_head_json":{"title":"CASOS DE CLIENTS - Syntax","description":"Toda la informaci\u00f3n sobre: CASOS DE CLIENTS","robots":{"index":"index","follow":"follow","max-snippet":"max-snippet:-1","max-image-preview":"max-image-preview:large","max-video-preview":"max-video-preview:-1"},"canonical":"https:\/\/www.syntaxtts.com\/ca\/casos-de-clientes\/","og_locale":"ca_ES","og_type":"article","og_title":"CASOS DE CLIENTS - Syntax","og_description":"Toda la informaci\u00f3n sobre: CASOS DE CLIENTS","og_url":"https:\/\/www.syntaxtts.com\/ca\/casos-de-clientes\/","og_site_name":"Syntax","article_publisher":"https:\/\/www.facebook.com\/Syntax-198629440182988\/","article_modified_time":"2025-02-04T15:02:26+00:00","twitter_card":"summary_large_image","twitter_misc":{"Temps estimat de lectura":"1 minut"},"schema":{"@context":"https:\/\/schema.org","@graph":[{"@type":"WebPage","@id":"https:\/\/www.syntaxtts.com\/ca\/casos-de-clientes\/","url":"https:\/\/www.syntaxtts.com\/ca\/casos-de-clientes\/","name":"CASOS DE CLIENTS - Syntax","isPartOf":{"@id":"https:\/\/www.syntaxtts.com\/#website"},"datePublished":"2016-08-18T08:54:30+00:00","dateModified":"2025-02-04T15:02:26+00:00","description":"Toda la informaci\u00f3n sobre: CASOS DE CLIENTS","breadcrumb":{"@id":"https:\/\/www.syntaxtts.com\/ca\/casos-de-clientes\/#breadcrumb"},"inLanguage":"ca","potentialAction":[{"@type":"ReadAction","target":["https:\/\/www.syntaxtts.com\/ca\/casos-de-clientes\/"]}]},{"@type":"BreadcrumbList","@id":"https:\/\/www.syntaxtts.com\/ca\/casos-de-clientes\/#breadcrumb","itemListElement":[{"@type":"ListItem","position":1,"name":"Portada","item":"https:\/\/www.syntaxtts.com\/ca\/"},{"@type":"ListItem","position":2,"name":"CASOS DE CLIENTS"}]},{"@type":"WebSite","@id":"https:\/\/www.syntaxtts.com\/#website","url":"https:\/\/www.syntaxtts.com\/","name":"Syntax","description":"Traducciones","publisher":{"@id":"https:\/\/www.syntaxtts.com\/#organization"},"potentialAction":[{"@type":"SearchAction","target":{"@type":"EntryPoint","urlTemplate":"https:\/\/www.syntaxtts.com\/?s={search_term_string}"},"query-input":{"@type":"PropertyValueSpecification","valueRequired":true,"valueName":"search_term_string"}}],"inLanguage":"ca"},{"@type":"Organization","@id":"https:\/\/www.syntaxtts.com\/#organization","name":"Syntax","url":"https:\/\/www.syntaxtts.com\/","logo":{"@type":"ImageObject","inLanguage":"ca","@id":"https:\/\/www.syntaxtts.com\/#\/schema\/logo\/image\/","url":"https:\/\/www.syntaxtts.com\/wp-content\/uploads\/syntax-logo-espanol02.png","contentUrl":"https:\/\/www.syntaxtts.com\/wp-content\/uploads\/syntax-logo-espanol02.png","width":200,"height":78,"caption":"Syntax"},"image":{"@id":"https:\/\/www.syntaxtts.com\/#\/schema\/logo\/image\/"},"sameAs":["https:\/\/www.facebook.com\/Syntax-198629440182988\/"]}]}},"_links":{"self":[{"href":"https:\/\/www.syntaxtts.com\/ca\/wp-json\/wp\/v2\/pages\/724","targetHints":{"allow":["GET"]}}],"collection":[{"href":"https:\/\/www.syntaxtts.com\/ca\/wp-json\/wp\/v2\/pages"}],"about":[{"href":"https:\/\/www.syntaxtts.com\/ca\/wp-json\/wp\/v2\/types\/page"}],"author":[{"embeddable":true,"href":"https:\/\/www.syntaxtts.com\/ca\/wp-json\/wp\/v2\/users\/1"}],"replies":[{"embeddable":true,"href":"https:\/\/www.syntaxtts.com\/ca\/wp-json\/wp\/v2\/comments?post=724"}],"version-history":[{"count":46,"href":"https:\/\/www.syntaxtts.com\/ca\/wp-json\/wp\/v2\/pages\/724\/revisions"}],"predecessor-version":[{"id":1544,"href":"https:\/\/www.syntaxtts.com\/ca\/wp-json\/wp\/v2\/pages\/724\/revisions\/1544"}],"wp:attachment":[{"href":"https:\/\/www.syntaxtts.com\/ca\/wp-json\/wp\/v2\/media?parent=724"}],"curies":[{"name":"wp","href":"https:\/\/api.w.org\/{rel}","templated":true}]}}