{"id":712,"date":"2016-10-13T09:05:28","date_gmt":"2016-10-13T09:05:28","guid":{"rendered":"https:\/\/www.syntaxtts.com\/politica-de-privacidad\/"},"modified":"2016-10-13T09:05:28","modified_gmt":"2016-10-13T09:05:28","slug":"politica-de-privacidad","status":"publish","type":"page","link":"https:\/\/www.syntaxtts.com\/ca\/politica-de-privacidad\/","title":{"rendered":"Pol\u00edtica de privacidad"},"content":{"rendered":"<p>De acuerdo con lo dispuesto en la Ley Org\u00e1nica 15\/99 del 13 de diciembre de 1999 sobre Protecci\u00f3n de Datos de Car\u00e1cter Personal, www.syntaxtts.com y su sitio web\u00a0<a href=\"https:\/\/www.syntaxtts.com\/ca\/\">www.syntaxtts.com<\/a> la legislaci\u00f3n vigente respecto a la protecci\u00f3n de datos personales y de contacto de sus subscriptores y los mantiene en la m\u00e1s estricta confidencialidad.<br \/>\nEn concordancia con la normativa actualmente vigente en materia de protecci\u00f3n de datos (LOPD), as\u00ed como en materia de servicios de la sociedad de la informaci\u00f3n y de comercio electr\u00f3nico (LSSI-CE), el usuario acepta que los datos aportados por medio de esta p\u00e1gina web sean incorporados a ficheros titularidad de www.syntaxtts.com, con la finalidad de facilitar la prestaci\u00f3n de los servicios solicitados y el previsible env\u00edo de informaci\u00f3n sobre ofertas, nuevos productos, servicios u otros motivos por los que \u00e9ste deba ponerse en contacto con el usuario\/cliente.<br \/>\nMediante el uso, por parte de usuario, de los formularios de contacto y del correo electr\u00f3nico facilitado en esta p\u00e1gina web, el cliente autoriza expresamente a www.syntaxtts.com al env\u00edo de comunicaciones comerciales por correo ordinario y\/o electr\u00f3nico, as\u00ed como al previsible contacto telef\u00f3nico con el fin de ofrecer los servicios ofertados. La informaci\u00f3n recibida ser\u00e1 utilizada exclusivamente para prop\u00f3sitos inherentes a cada servicio y no ser\u00e1 comunicada a terceros. As\u00ed mismo, www.syntaxtts.com guardar\u00e1 los datos de car\u00e1cter personal que haya recabado y adoptar\u00e1 las medidas necesarias para evitar su alteraci\u00f3n, p\u00e9rdida, tratamiento o acceso no autorizados.<br \/>\nAsimismo, le informamos de la posibilidad de ejercitar su derecho de acceso, rectificaci\u00f3n, cancelaci\u00f3n y oposici\u00f3n de conformidad con lo establecido en la Ley 15\/1999.\u00a0Los derechos mencionados los puede ejercitar a trav\u00e9s de los siguientes medios:\u00a0correo electr\u00f3nico a sales@syntaxtts.com.<\/p>\n","protected":false},"excerpt":{"rendered":"<p>De acuerdo con lo dispuesto en la Ley Org\u00e1nica 15\/99 del 13 de diciembre de 1999 sobre Protecci\u00f3n de Datos de Car\u00e1cter Personal, www.syntaxtts.com y su sitio web\u00a0www.syntaxtts.com la legislaci\u00f3n vigente respecto a la protecci\u00f3n de datos personales y de contacto de sus subscriptores y los mantiene en la m\u00e1s estricta confidencialidad. En concordancia con [&hellip;]<\/p>\n","protected":false},"author":1,"featured_media":0,"parent":0,"menu_order":0,"comment_status":"closed","ping_status":"closed","template":"","meta":{"footnotes":""},"class_list":["post-712","page","type-page","status-publish","hentry"],"yoast_head":"<!-- This site is optimized with the Yoast SEO plugin v27.5 - https:\/\/yoast.com\/product\/yoast-seo-wordpress\/ -->\n<title>Pol\u00edtica de privacidad - Syntax<\/title>\n<meta name=\"description\" content=\"Toda la informaci\u00f3n sobre: Pol\u00edtica de privacidad\" \/>\n<meta name=\"robots\" content=\"index, follow, max-snippet:-1, max-image-preview:large, max-video-preview:-1\" \/>\n<link rel=\"canonical\" href=\"https:\/\/www.syntaxtts.com\/ca\/politica-de-privacidad\/\" \/>\n<meta property=\"og:locale\" content=\"ca_ES\" \/>\n<meta property=\"og:type\" content=\"article\" \/>\n<meta property=\"og:title\" content=\"Pol\u00edtica de privacidad - Syntax\" \/>\n<meta property=\"og:description\" content=\"Toda la informaci\u00f3n sobre: Pol\u00edtica de privacidad\" \/>\n<meta property=\"og:url\" content=\"https:\/\/www.syntaxtts.com\/ca\/politica-de-privacidad\/\" \/>\n<meta property=\"og:site_name\" content=\"Syntax\" \/>\n<meta property=\"article:publisher\" content=\"https:\/\/www.facebook.com\/Syntax-198629440182988\/\" \/>\n<meta name=\"twitter:card\" content=\"summary_large_image\" \/>\n<meta name=\"twitter:label1\" content=\"Temps estimat de lectura\" \/>\n\t<meta name=\"twitter:data1\" content=\"2 minuts\" \/>\n<script type=\"application\/ld+json\" class=\"yoast-schema-graph\">{\"@context\":\"https:\\\/\\\/schema.org\",\"@graph\":[{\"@type\":\"WebPage\",\"@id\":\"https:\\\/\\\/www.syntaxtts.com\\\/ca\\\/politica-de-privacidad\\\/\",\"url\":\"https:\\\/\\\/www.syntaxtts.com\\\/ca\\\/politica-de-privacidad\\\/\",\"name\":\"Pol\u00edtica de privacidad - Syntax\",\"isPartOf\":{\"@id\":\"https:\\\/\\\/www.syntaxtts.com\\\/#website\"},\"datePublished\":\"2016-10-13T09:05:28+00:00\",\"description\":\"Toda la informaci\u00f3n sobre: Pol\u00edtica de privacidad\",\"breadcrumb\":{\"@id\":\"https:\\\/\\\/www.syntaxtts.com\\\/ca\\\/politica-de-privacidad\\\/#breadcrumb\"},\"inLanguage\":\"ca\",\"potentialAction\":[{\"@type\":\"ReadAction\",\"target\":[\"https:\\\/\\\/www.syntaxtts.com\\\/ca\\\/politica-de-privacidad\\\/\"]}]},{\"@type\":\"BreadcrumbList\",\"@id\":\"https:\\\/\\\/www.syntaxtts.com\\\/ca\\\/politica-de-privacidad\\\/#breadcrumb\",\"itemListElement\":[{\"@type\":\"ListItem\",\"position\":1,\"name\":\"Portada\",\"item\":\"https:\\\/\\\/www.syntaxtts.com\\\/ca\\\/\"},{\"@type\":\"ListItem\",\"position\":2,\"name\":\"Pol\u00edtica de privacidad\"}]},{\"@type\":\"WebSite\",\"@id\":\"https:\\\/\\\/www.syntaxtts.com\\\/#website\",\"url\":\"https:\\\/\\\/www.syntaxtts.com\\\/\",\"name\":\"Syntax\",\"description\":\"Traducciones\",\"publisher\":{\"@id\":\"https:\\\/\\\/www.syntaxtts.com\\\/#organization\"},\"potentialAction\":[{\"@type\":\"SearchAction\",\"target\":{\"@type\":\"EntryPoint\",\"urlTemplate\":\"https:\\\/\\\/www.syntaxtts.com\\\/?s={search_term_string}\"},\"query-input\":{\"@type\":\"PropertyValueSpecification\",\"valueRequired\":true,\"valueName\":\"search_term_string\"}}],\"inLanguage\":\"ca\"},{\"@type\":\"Organization\",\"@id\":\"https:\\\/\\\/www.syntaxtts.com\\\/#organization\",\"name\":\"Syntax\",\"url\":\"https:\\\/\\\/www.syntaxtts.com\\\/\",\"logo\":{\"@type\":\"ImageObject\",\"inLanguage\":\"ca\",\"@id\":\"https:\\\/\\\/www.syntaxtts.com\\\/#\\\/schema\\\/logo\\\/image\\\/\",\"url\":\"https:\\\/\\\/www.syntaxtts.com\\\/wp-content\\\/uploads\\\/syntax-logo-espanol02.png\",\"contentUrl\":\"https:\\\/\\\/www.syntaxtts.com\\\/wp-content\\\/uploads\\\/syntax-logo-espanol02.png\",\"width\":200,\"height\":78,\"caption\":\"Syntax\"},\"image\":{\"@id\":\"https:\\\/\\\/www.syntaxtts.com\\\/#\\\/schema\\\/logo\\\/image\\\/\"},\"sameAs\":[\"https:\\\/\\\/www.facebook.com\\\/Syntax-198629440182988\\\/\"]}]}<\/script>\n<!-- \/ Yoast SEO plugin. -->","yoast_head_json":{"title":"Pol\u00edtica de privacidad - Syntax","description":"Toda la informaci\u00f3n sobre: Pol\u00edtica de privacidad","robots":{"index":"index","follow":"follow","max-snippet":"max-snippet:-1","max-image-preview":"max-image-preview:large","max-video-preview":"max-video-preview:-1"},"canonical":"https:\/\/www.syntaxtts.com\/ca\/politica-de-privacidad\/","og_locale":"ca_ES","og_type":"article","og_title":"Pol\u00edtica de privacidad - Syntax","og_description":"Toda la informaci\u00f3n sobre: Pol\u00edtica de privacidad","og_url":"https:\/\/www.syntaxtts.com\/ca\/politica-de-privacidad\/","og_site_name":"Syntax","article_publisher":"https:\/\/www.facebook.com\/Syntax-198629440182988\/","twitter_card":"summary_large_image","twitter_misc":{"Temps estimat de lectura":"2 minuts"},"schema":{"@context":"https:\/\/schema.org","@graph":[{"@type":"WebPage","@id":"https:\/\/www.syntaxtts.com\/ca\/politica-de-privacidad\/","url":"https:\/\/www.syntaxtts.com\/ca\/politica-de-privacidad\/","name":"Pol\u00edtica de privacidad - Syntax","isPartOf":{"@id":"https:\/\/www.syntaxtts.com\/#website"},"datePublished":"2016-10-13T09:05:28+00:00","description":"Toda la informaci\u00f3n sobre: Pol\u00edtica de privacidad","breadcrumb":{"@id":"https:\/\/www.syntaxtts.com\/ca\/politica-de-privacidad\/#breadcrumb"},"inLanguage":"ca","potentialAction":[{"@type":"ReadAction","target":["https:\/\/www.syntaxtts.com\/ca\/politica-de-privacidad\/"]}]},{"@type":"BreadcrumbList","@id":"https:\/\/www.syntaxtts.com\/ca\/politica-de-privacidad\/#breadcrumb","itemListElement":[{"@type":"ListItem","position":1,"name":"Portada","item":"https:\/\/www.syntaxtts.com\/ca\/"},{"@type":"ListItem","position":2,"name":"Pol\u00edtica de privacidad"}]},{"@type":"WebSite","@id":"https:\/\/www.syntaxtts.com\/#website","url":"https:\/\/www.syntaxtts.com\/","name":"Syntax","description":"Traducciones","publisher":{"@id":"https:\/\/www.syntaxtts.com\/#organization"},"potentialAction":[{"@type":"SearchAction","target":{"@type":"EntryPoint","urlTemplate":"https:\/\/www.syntaxtts.com\/?s={search_term_string}"},"query-input":{"@type":"PropertyValueSpecification","valueRequired":true,"valueName":"search_term_string"}}],"inLanguage":"ca"},{"@type":"Organization","@id":"https:\/\/www.syntaxtts.com\/#organization","name":"Syntax","url":"https:\/\/www.syntaxtts.com\/","logo":{"@type":"ImageObject","inLanguage":"ca","@id":"https:\/\/www.syntaxtts.com\/#\/schema\/logo\/image\/","url":"https:\/\/www.syntaxtts.com\/wp-content\/uploads\/syntax-logo-espanol02.png","contentUrl":"https:\/\/www.syntaxtts.com\/wp-content\/uploads\/syntax-logo-espanol02.png","width":200,"height":78,"caption":"Syntax"},"image":{"@id":"https:\/\/www.syntaxtts.com\/#\/schema\/logo\/image\/"},"sameAs":["https:\/\/www.facebook.com\/Syntax-198629440182988\/"]}]}},"_links":{"self":[{"href":"https:\/\/www.syntaxtts.com\/ca\/wp-json\/wp\/v2\/pages\/712","targetHints":{"allow":["GET"]}}],"collection":[{"href":"https:\/\/www.syntaxtts.com\/ca\/wp-json\/wp\/v2\/pages"}],"about":[{"href":"https:\/\/www.syntaxtts.com\/ca\/wp-json\/wp\/v2\/types\/page"}],"author":[{"embeddable":true,"href":"https:\/\/www.syntaxtts.com\/ca\/wp-json\/wp\/v2\/users\/1"}],"replies":[{"embeddable":true,"href":"https:\/\/www.syntaxtts.com\/ca\/wp-json\/wp\/v2\/comments?post=712"}],"version-history":[{"count":0,"href":"https:\/\/www.syntaxtts.com\/ca\/wp-json\/wp\/v2\/pages\/712\/revisions"}],"wp:attachment":[{"href":"https:\/\/www.syntaxtts.com\/ca\/wp-json\/wp\/v2\/media?parent=712"}],"curies":[{"name":"wp","href":"https:\/\/api.w.org\/{rel}","templated":true}]}}