{"id":701,"date":"2016-08-18T07:48:36","date_gmt":"2016-08-18T07:48:36","guid":{"rendered":"https:\/\/www.syntaxtts.com\/?page_id=701"},"modified":"2025-02-11T10:02:13","modified_gmt":"2025-02-11T10:02:13","slug":"equipo-syntax-traducciones","status":"publish","type":"page","link":"https:\/\/www.syntaxtts.com\/ca\/equipo-syntax-traducciones\/","title":{"rendered":"NOSALTRES"},"content":{"rendered":"<div class=\"wpb-content-wrapper\">[vc_row][vc_column][vc_empty_space][\/vc_column][\/vc_row][mk_page_section][vc_column width=&#8221;1\/6&#8243;][\/vc_column][vc_column width=&#8221;2\/3&#8243; css=&#8221;.vc_custom_1471506853375{background-color: #0b9571 !important;}&#8221;][mk_fancy_title color=&#8221;#ffffff&#8221; size=&#8221;27&#8243; font_weight=&#8221;bold&#8221; letter_spacing=&#8221;2&#8243; margin_top=&#8221;40&#8243; font_family=&#8221;none&#8221; align=&#8221;center&#8221;]\n<p style=\"text-align: center;\">NOSALTRES<\/p>\n[\/mk_fancy_title][\/vc_column][vc_column width=&#8221;1\/6&#8243;][\/vc_column][\/mk_page_section][mk_page_section padding_top=&#8221;70&#8243; padding_bottom=&#8221;70&#8243; sidebar=&#8221;sidebar-1&#8243;][vc_column width=&#8221;1\/2&#8243;][vc_column_text css=&#8221;.vc_custom_1739268085442{margin-bottom: 0px !important;}&#8221;]L&#8217;<strong>Elena Bautista<\/strong> (Estudis de Traducci\u00f3 en la Dolmetscherschule de Z\u00farich) i l&#8217;<strong>Enric Tortajada<\/strong> (Enginyer Superior Industrial per la ETSEIB de Barcelona) s\u00f3n els socis<strong> fundadors de Syntax.<\/strong><\/p>\n<p>El nostre equip est\u00e0 format per gestors de projectes, ling\u00fcistes, traductors i editors amb una llarga experi\u00e8ncia.<\/p>\n<p>Tenim pres\u00e8ncia a <strong>20 pa\u00efsos<\/strong> per mitj\u00e0 de les nostres oficines pr\u00f2pies a Barcelona (Espanya) i Montpeller (Fran\u00e7a) i de les dels nostres socis d&#8217;<a href=\"https:\/\/www.asapglobalizers.com\" target=\"_blank\" rel=\"noopener\">ASAP Globalizers<\/a>[\/vc_column_text][\/vc_column][vc_column width=&#8221;1\/2&#8243;][mk_image src=&#8221;https:\/\/www.syntaxtts.com\/wp-content\/uploads\/imagen-portada-nosotros.png&#8221; image_width=&#8221;540&#8243; image_height=&#8221;280&#8243;][\/vc_column][\/mk_page_section][mk_page_section bg_color=&#8221;#f49e42&#8243; padding_top=&#8221;15&#8243; sidebar=&#8221;sidebar-1&#8243;][vc_column][mk_fancy_title color=&#8221;#000000&#8243; size=&#8221;25&#8243; font_weight=&#8221;bold&#8221; letter_spacing=&#8221;2&#8243; margin_top=&#8221;40&#8243; font_family=&#8221;none&#8221; align=&#8221;center&#8221;]\n<p style=\"text-align: center;\">EL NOSTRE COMPROM\u00cdS<\/p>\n[\/mk_fancy_title][vc_empty_space][vc_row_inner][vc_column_inner width=&#8221;1\/4&#8243;][mk_divider style=&#8221;thin_solid&#8221; divider_width=&#8221;custom_width&#8221; custom_width=&#8221;100&#8243; thin_single_color=&#8221;#000000&#8243; thickness=&#8221;2&#8243; margin_top=&#8221;0&#8243;][mk_fancy_title color=&#8221;#000000&#8243; size=&#8221;18&#8243; font_weight=&#8221;bold&#8221; margin_bottom=&#8221;0&#8243; font_family=&#8221;none&#8221; align=&#8221;center&#8221;]\n<p style=\"text-align: center;\">MILLOR RELACI\u00d3 QUALITAT\/PREU<\/p>\n[\/mk_fancy_title][mk_divider style=&#8221;thin_solid&#8221; divider_width=&#8221;custom_width&#8221; custom_width=&#8221;100&#8243; thin_single_color=&#8221;#000000&#8243; thickness=&#8221;2&#8243; margin_top=&#8221;0&#8243; margin_bottom=&#8221;0&#8243;][\/vc_column_inner][vc_column_inner width=&#8221;1\/4&#8243;][mk_divider style=&#8221;thin_solid&#8221; divider_width=&#8221;custom_width&#8221; custom_width=&#8221;100&#8243; thin_single_color=&#8221;#000000&#8243; thickness=&#8221;2&#8243; margin_top=&#8221;0&#8243;][mk_fancy_title color=&#8221;#000000&#8243; size=&#8221;18&#8243; font_weight=&#8221;bold&#8221; margin_top=&#8221;20&#8243; margin_bottom=&#8221;10&#8243; font_family=&#8221;none&#8221; align=&#8221;center&#8221;]\n<p style=\"text-align: center;\">PUNTUALITAT<\/p>\n[\/mk_fancy_title][mk_divider style=&#8221;thin_solid&#8221; divider_width=&#8221;custom_width&#8221; custom_width=&#8221;100&#8243; thin_single_color=&#8221;#000000&#8243; thickness=&#8221;2&#8243; margin_top=&#8221;0&#8243; margin_bottom=&#8221;0&#8243;][\/vc_column_inner][vc_column_inner width=&#8221;1\/4&#8243;][mk_divider style=&#8221;thin_solid&#8221; divider_width=&#8221;custom_width&#8221; custom_width=&#8221;100&#8243; thin_single_color=&#8221;#000000&#8243; thickness=&#8221;2&#8243; margin_top=&#8221;0&#8243;][mk_fancy_title color=&#8221;#000000&#8243; size=&#8221;18&#8243; font_weight=&#8221;bold&#8221; margin_top=&#8221;20&#8243; margin_bottom=&#8221;10&#8243; font_family=&#8221;none&#8221; align=&#8221;center&#8221;]\n<p style=\"text-align: center;\">CONFIDENCIALITAT<\/p>\n[\/mk_fancy_title][mk_divider style=&#8221;thin_solid&#8221; divider_width=&#8221;custom_width&#8221; custom_width=&#8221;100&#8243; thin_single_color=&#8221;#000000&#8243; thickness=&#8221;2&#8243; margin_top=&#8221;0&#8243; margin_bottom=&#8221;0&#8243;][\/vc_column_inner][vc_column_inner width=&#8221;1\/4&#8243;][mk_divider style=&#8221;thin_solid&#8221; divider_width=&#8221;custom_width&#8221; custom_width=&#8221;100&#8243; thin_single_color=&#8221;#000000&#8243; thickness=&#8221;2&#8243; margin_top=&#8221;0&#8243;][mk_fancy_title color=&#8221;#000000&#8243; size=&#8221;18&#8243; font_weight=&#8221;bold&#8221; margin_bottom=&#8221;0&#8243; font_family=&#8221;none&#8221; align=&#8221;center&#8221;]\n<p style=\"text-align: center;\">SERVEI<br \/>\nPERSONALITZAT<\/p>\n[\/mk_fancy_title][mk_divider style=&#8221;thin_solid&#8221; divider_width=&#8221;custom_width&#8221; custom_width=&#8221;100&#8243; thin_single_color=&#8221;#000000&#8243; thickness=&#8221;2&#8243; margin_top=&#8221;0&#8243; margin_bottom=&#8221;0&#8243;][\/vc_column_inner][\/vc_row_inner][vc_empty_space height=&#8221;50px&#8221;][\/vc_column][\/mk_page_section]\n<\/div>","protected":false},"excerpt":{"rendered":"<p>[vc_row][vc_column][vc_empty_space][\/vc_column][\/vc_row][mk_page_section][vc_column width=&#8221;1\/6&#8243;][\/vc_column][vc_column width=&#8221;2\/3&#8243; css=&#8221;.vc_custom_1471506853375{background-color: #0b9571 !important;}&#8221;][mk_fancy_title color=&#8221;#ffffff&#8221; size=&#8221;27&#8243; font_weight=&#8221;bold&#8221; letter_spacing=&#8221;2&#8243; margin_top=&#8221;40&#8243; font_family=&#8221;none&#8221; align=&#8221;center&#8221;] NOSALTRES [\/mk_fancy_title][\/vc_column][vc_column width=&#8221;1\/6&#8243;][\/vc_column][\/mk_page_section][mk_page_section padding_top=&#8221;70&#8243; padding_bottom=&#8221;70&#8243; sidebar=&#8221;sidebar-1&#8243;][vc_column width=&#8221;1\/2&#8243;][vc_column_text css=&#8221;.vc_custom_1739268085442{margin-bottom: 0px !important;}&#8221;]L&#8217;Elena Bautista (Estudis de Traducci\u00f3 en la Dolmetscherschule de Z\u00farich) i l&#8217;Enric Tortajada (Enginyer Superior Industrial per la ETSEIB de Barcelona) s\u00f3n els socis fundadors de Syntax. El nostre equip est\u00e0 format per [&hellip;]<\/p>\n","protected":false},"author":1,"featured_media":0,"parent":0,"menu_order":0,"comment_status":"closed","ping_status":"closed","template":"","meta":{"footnotes":""},"class_list":["post-701","page","type-page","status-publish","hentry"],"yoast_head":"<!-- This site is optimized with the Yoast SEO plugin v27.5 - https:\/\/yoast.com\/product\/yoast-seo-wordpress\/ -->\n<title>NOSALTRES - Syntax<\/title>\n<meta name=\"description\" content=\"Toda la informaci\u00f3n sobre: NOSALTRES\" \/>\n<meta name=\"robots\" content=\"index, follow, max-snippet:-1, max-image-preview:large, max-video-preview:-1\" \/>\n<link rel=\"canonical\" href=\"https:\/\/www.syntaxtts.com\/ca\/equipo-syntax-traducciones\/\" \/>\n<meta property=\"og:locale\" content=\"ca_ES\" \/>\n<meta property=\"og:type\" content=\"article\" \/>\n<meta property=\"og:title\" content=\"NOSALTRES - Syntax\" \/>\n<meta property=\"og:description\" content=\"Toda la informaci\u00f3n sobre: NOSALTRES\" \/>\n<meta property=\"og:url\" content=\"https:\/\/www.syntaxtts.com\/ca\/equipo-syntax-traducciones\/\" \/>\n<meta property=\"og:site_name\" content=\"Syntax\" \/>\n<meta property=\"article:publisher\" content=\"https:\/\/www.facebook.com\/Syntax-198629440182988\/\" \/>\n<meta property=\"article:modified_time\" content=\"2025-02-11T10:02:13+00:00\" \/>\n<meta name=\"twitter:card\" content=\"summary_large_image\" \/>\n<meta name=\"twitter:label1\" content=\"Temps estimat de lectura\" \/>\n\t<meta name=\"twitter:data1\" content=\"1 minut\" \/>\n<script type=\"application\/ld+json\" class=\"yoast-schema-graph\">{\"@context\":\"https:\\\/\\\/schema.org\",\"@graph\":[{\"@type\":\"WebPage\",\"@id\":\"https:\\\/\\\/www.syntaxtts.com\\\/ca\\\/equipo-syntax-traducciones\\\/\",\"url\":\"https:\\\/\\\/www.syntaxtts.com\\\/ca\\\/equipo-syntax-traducciones\\\/\",\"name\":\"NOSALTRES - Syntax\",\"isPartOf\":{\"@id\":\"https:\\\/\\\/www.syntaxtts.com\\\/#website\"},\"datePublished\":\"2016-08-18T07:48:36+00:00\",\"dateModified\":\"2025-02-11T10:02:13+00:00\",\"description\":\"Toda la informaci\u00f3n sobre: NOSALTRES\",\"breadcrumb\":{\"@id\":\"https:\\\/\\\/www.syntaxtts.com\\\/ca\\\/equipo-syntax-traducciones\\\/#breadcrumb\"},\"inLanguage\":\"ca\",\"potentialAction\":[{\"@type\":\"ReadAction\",\"target\":[\"https:\\\/\\\/www.syntaxtts.com\\\/ca\\\/equipo-syntax-traducciones\\\/\"]}]},{\"@type\":\"BreadcrumbList\",\"@id\":\"https:\\\/\\\/www.syntaxtts.com\\\/ca\\\/equipo-syntax-traducciones\\\/#breadcrumb\",\"itemListElement\":[{\"@type\":\"ListItem\",\"position\":1,\"name\":\"Portada\",\"item\":\"https:\\\/\\\/www.syntaxtts.com\\\/ca\\\/\"},{\"@type\":\"ListItem\",\"position\":2,\"name\":\"NOSALTRES\"}]},{\"@type\":\"WebSite\",\"@id\":\"https:\\\/\\\/www.syntaxtts.com\\\/#website\",\"url\":\"https:\\\/\\\/www.syntaxtts.com\\\/\",\"name\":\"Syntax\",\"description\":\"Traducciones\",\"publisher\":{\"@id\":\"https:\\\/\\\/www.syntaxtts.com\\\/#organization\"},\"potentialAction\":[{\"@type\":\"SearchAction\",\"target\":{\"@type\":\"EntryPoint\",\"urlTemplate\":\"https:\\\/\\\/www.syntaxtts.com\\\/?s={search_term_string}\"},\"query-input\":{\"@type\":\"PropertyValueSpecification\",\"valueRequired\":true,\"valueName\":\"search_term_string\"}}],\"inLanguage\":\"ca\"},{\"@type\":\"Organization\",\"@id\":\"https:\\\/\\\/www.syntaxtts.com\\\/#organization\",\"name\":\"Syntax\",\"url\":\"https:\\\/\\\/www.syntaxtts.com\\\/\",\"logo\":{\"@type\":\"ImageObject\",\"inLanguage\":\"ca\",\"@id\":\"https:\\\/\\\/www.syntaxtts.com\\\/#\\\/schema\\\/logo\\\/image\\\/\",\"url\":\"https:\\\/\\\/www.syntaxtts.com\\\/wp-content\\\/uploads\\\/syntax-logo-espanol02.png\",\"contentUrl\":\"https:\\\/\\\/www.syntaxtts.com\\\/wp-content\\\/uploads\\\/syntax-logo-espanol02.png\",\"width\":200,\"height\":78,\"caption\":\"Syntax\"},\"image\":{\"@id\":\"https:\\\/\\\/www.syntaxtts.com\\\/#\\\/schema\\\/logo\\\/image\\\/\"},\"sameAs\":[\"https:\\\/\\\/www.facebook.com\\\/Syntax-198629440182988\\\/\"]}]}<\/script>\n<!-- \/ Yoast SEO plugin. -->","yoast_head_json":{"title":"NOSALTRES - Syntax","description":"Toda la informaci\u00f3n sobre: NOSALTRES","robots":{"index":"index","follow":"follow","max-snippet":"max-snippet:-1","max-image-preview":"max-image-preview:large","max-video-preview":"max-video-preview:-1"},"canonical":"https:\/\/www.syntaxtts.com\/ca\/equipo-syntax-traducciones\/","og_locale":"ca_ES","og_type":"article","og_title":"NOSALTRES - Syntax","og_description":"Toda la informaci\u00f3n sobre: NOSALTRES","og_url":"https:\/\/www.syntaxtts.com\/ca\/equipo-syntax-traducciones\/","og_site_name":"Syntax","article_publisher":"https:\/\/www.facebook.com\/Syntax-198629440182988\/","article_modified_time":"2025-02-11T10:02:13+00:00","twitter_card":"summary_large_image","twitter_misc":{"Temps estimat de lectura":"1 minut"},"schema":{"@context":"https:\/\/schema.org","@graph":[{"@type":"WebPage","@id":"https:\/\/www.syntaxtts.com\/ca\/equipo-syntax-traducciones\/","url":"https:\/\/www.syntaxtts.com\/ca\/equipo-syntax-traducciones\/","name":"NOSALTRES - Syntax","isPartOf":{"@id":"https:\/\/www.syntaxtts.com\/#website"},"datePublished":"2016-08-18T07:48:36+00:00","dateModified":"2025-02-11T10:02:13+00:00","description":"Toda la informaci\u00f3n sobre: NOSALTRES","breadcrumb":{"@id":"https:\/\/www.syntaxtts.com\/ca\/equipo-syntax-traducciones\/#breadcrumb"},"inLanguage":"ca","potentialAction":[{"@type":"ReadAction","target":["https:\/\/www.syntaxtts.com\/ca\/equipo-syntax-traducciones\/"]}]},{"@type":"BreadcrumbList","@id":"https:\/\/www.syntaxtts.com\/ca\/equipo-syntax-traducciones\/#breadcrumb","itemListElement":[{"@type":"ListItem","position":1,"name":"Portada","item":"https:\/\/www.syntaxtts.com\/ca\/"},{"@type":"ListItem","position":2,"name":"NOSALTRES"}]},{"@type":"WebSite","@id":"https:\/\/www.syntaxtts.com\/#website","url":"https:\/\/www.syntaxtts.com\/","name":"Syntax","description":"Traducciones","publisher":{"@id":"https:\/\/www.syntaxtts.com\/#organization"},"potentialAction":[{"@type":"SearchAction","target":{"@type":"EntryPoint","urlTemplate":"https:\/\/www.syntaxtts.com\/?s={search_term_string}"},"query-input":{"@type":"PropertyValueSpecification","valueRequired":true,"valueName":"search_term_string"}}],"inLanguage":"ca"},{"@type":"Organization","@id":"https:\/\/www.syntaxtts.com\/#organization","name":"Syntax","url":"https:\/\/www.syntaxtts.com\/","logo":{"@type":"ImageObject","inLanguage":"ca","@id":"https:\/\/www.syntaxtts.com\/#\/schema\/logo\/image\/","url":"https:\/\/www.syntaxtts.com\/wp-content\/uploads\/syntax-logo-espanol02.png","contentUrl":"https:\/\/www.syntaxtts.com\/wp-content\/uploads\/syntax-logo-espanol02.png","width":200,"height":78,"caption":"Syntax"},"image":{"@id":"https:\/\/www.syntaxtts.com\/#\/schema\/logo\/image\/"},"sameAs":["https:\/\/www.facebook.com\/Syntax-198629440182988\/"]}]}},"_links":{"self":[{"href":"https:\/\/www.syntaxtts.com\/ca\/wp-json\/wp\/v2\/pages\/701","targetHints":{"allow":["GET"]}}],"collection":[{"href":"https:\/\/www.syntaxtts.com\/ca\/wp-json\/wp\/v2\/pages"}],"about":[{"href":"https:\/\/www.syntaxtts.com\/ca\/wp-json\/wp\/v2\/types\/page"}],"author":[{"embeddable":true,"href":"https:\/\/www.syntaxtts.com\/ca\/wp-json\/wp\/v2\/users\/1"}],"replies":[{"embeddable":true,"href":"https:\/\/www.syntaxtts.com\/ca\/wp-json\/wp\/v2\/comments?post=701"}],"version-history":[{"count":9,"href":"https:\/\/www.syntaxtts.com\/ca\/wp-json\/wp\/v2\/pages\/701\/revisions"}],"predecessor-version":[{"id":1546,"href":"https:\/\/www.syntaxtts.com\/ca\/wp-json\/wp\/v2\/pages\/701\/revisions\/1546"}],"wp:attachment":[{"href":"https:\/\/www.syntaxtts.com\/ca\/wp-json\/wp\/v2\/media?parent=701"}],"curies":[{"name":"wp","href":"https:\/\/api.w.org\/{rel}","templated":true}]}}